{"id":1750,"date":"2026-03-18T21:09:59","date_gmt":"2026-03-18T20:09:59","guid":{"rendered":"https:\/\/preview.ff-eichhorn.at\/?page_id=1750"},"modified":"2026-03-30T12:52:24","modified_gmt":"2026-03-30T11:52:24","slug":"chronik","status":"publish","type":"page","link":"https:\/\/ff-eichhorn.at\/index.php\/chronik\/","title":{"rendered":"Chronik"},"content":{"rendered":"\n<p>Am 15. Dezember 1895 fassten B\u00fcrgermeister Johann Streihammer, Oberlehrer Eduard Berger und der Wirtschaftsbesitzer Sebastian Pfarr den Entschluss, in Eichhorn eine Feuerwehr zu gr\u00fcnden. Am 10. Mai 1896 fand die 1. au\u00dferordentliche Hauptversammlung der 24 Mitglieder statt. Aus diesem Grund wurde als Gr\u00fcndungsjahr immer 1896 angegeben, obwohl es nicht ganz stimmt. Die Feuerwehr Eichhorn geh\u00f6rte damals dem Bezirksfeuerwehrverband Mistelbach an. Es gab noch keinen Bezirksfeuerwehrverband Zistersdorf. Das Gr\u00fcndungsfest fand noch etwas sp\u00e4ter statt, und zwar am 21. Juni 1896 in Alois Widhalm\u2019s Garten. Wenn man weiter in den alten Aufzeichnungen bl\u00e4ttert, wird auf die gro\u00dfe Zahl von G\u00e4sten \u2013 es wahren an die 400 Personen \u2013 hingewiesen. Als G\u00e4ste konnten die Eichhorner damals die Feuerwehren aus Zistersdorf, Dr\u00f6sing, Hohenau \u2013 Ort, Hohenau \u2013 Fabrik, Gr. Inzersdorf, Maustrenk, Neusiedl an der Zaya, Palterndorf, Ringelsdorf, Waltersdorf und Wagstadt (Schlesien) begr\u00fc\u00dfen. Vor allem werden die Zistersdorfer, die mit einer Feuerwehrkapelle milit\u00e4risch stramm als erste einmarschierten, erw\u00e4hnt. Weiters geht aus der Chronik hervor, dass eine namentlich nicht genannte Person die Veranstaltung st\u00f6ren wollte. Seit der Gr\u00fcndung waren es 7 Kommandanten, die sich bem\u00fcht haben, die freiwillig \u00fcbernommenen Pflichten mit ihren Kameraden zu erf\u00fcllen.<\/p>\n\n\n\n<h2 class=\"wp-block-heading\">Hauptm\u00e4nner und Kommandanten<\/h2>\n\n\n\n<ul class=\"wp-block-list\">\n<li><\/li>\n<\/ul>\n\n\n\n<figure class=\"wp-block-table is-style-stripes\"><table class=\"has-fixed-layout\"><tbody><tr><td>Gr\u00fcndung &#8211; 1901<\/td><td>Eduard Berger<\/td><\/tr><tr><td>1901 &#8211; 1917<\/td><td>Sebastian Pfarr<\/td><\/tr><tr><td>1917 &#8211; 1929<\/td><td>Anton Kruder<\/td><\/tr><tr><td>1929 &#8211; 1947<\/td><td>Adalbert Pfarr<\/td><\/tr><tr><td>1947 &#8211; 1959<\/td><td>Josef Pausch<\/td><\/tr><tr><td>1959 &#8211; 1971<\/td><td>Wilhelm Zeschitz<\/td><\/tr><tr><td>1971 &#8211; 2006<\/td><td>Rainer Andre<\/td><\/tr><tr><td>2006 &#8211; 2026<\/td><td>Roman Strasser<\/td><\/tr><tr><td>2026 &#8211; heute<\/td><td>Stefan Andre<\/td><\/tr><\/tbody><\/table><\/figure>\n\n\n\n<h2 class=\"wp-block-heading\">Kommandant Stellvertreter<\/h2>\n\n\n\n<figure class=\"wp-block-table is-style-stripes\"><table class=\"has-fixed-layout\"><tbody><tr><td>Gr\u00fcndung &#8211; 1901<\/td><td>Sebastian Pfarr<\/td><\/tr><tr><td>1901 &#8211; 1904<\/td><td>Eduard Berger<\/td><\/tr><tr><td>1904 &#8211; 1914<\/td><td>Franz Ertl<\/td><\/tr><tr><td>1914 &#8211; 1917<\/td><td>Anton Kruder<\/td><\/tr><tr><td>1917 &#8211; 1921<\/td><td>Alois Widhalm<\/td><\/tr><tr><td>1921 &#8211; 1929<\/td><td>Adalbert Pfarr<\/td><\/tr><tr><td>1929 &#8211; 1932<\/td><td>Martin Wessely<\/td><\/tr><tr><td>1932 &#8211; 1947<\/td><td>Josef Pausch<\/td><\/tr><tr><td>1947 &#8211; 1948<\/td><td>Johann Graf<\/td><\/tr><tr><td>1948 &#8211; 1956<\/td><td>Ferdinand Ertl<\/td><\/tr><tr><td>1956 &#8211; 1959<\/td><td>Johann Koller<\/td><\/tr><tr><td>1959 &#8211; 1965<\/td><td>Josef Pausch jun.<\/td><\/tr><tr><td>1965 &#8211; 1971<\/td><td>Rainer Andre<\/td><\/tr><tr><td>1971 &#8211; 1976<\/td><td>Johann Windsteig<\/td><\/tr><tr><td>1976 &#8211; 1996<\/td><td>Walter Andre<\/td><\/tr><tr><td>1993 &#8211; 1996 (2. Stv)<\/td><td>Christian Ertl<\/td><\/tr><tr><td>1996 &#8211; 2006 (1. Stv)<\/td><td>Christian Ertl<\/td><\/tr><tr><td>2001 &#8211; 2006 (2. Stv)<\/td><td>Erwin Andre<\/td><\/tr><tr><td>2006 &#8211; 2026<\/td><td>Erwin Andre<\/td><\/tr><tr><td>2026 &#8211; heute<\/td><td>Florian Hrdy<\/td><\/tr><\/tbody><\/table><\/figure>\n\n\n\n<p>Bei der Gr\u00fcndung der FF Eichhorn gab es noch keinen Bezirksfeuerwehrverband Zistersdorf. Dieser wurde erst im Jahr 1899 gegr\u00fcndet und bestand aus 7 Ausschussmitgliedern. Heute hei\u00dft es \u201cUnterabschnittskommandant\u201c . Einer davon war das Gr\u00fcndungsmitglied der FF Eichhorn, der damalige Hauptmann Eduard Berger. Er geh\u00f6rte dem Bezirksfeuerwehrverband Zistersdorf von der Gr\u00fcndung am 11. Juni 1899 bis zum 29. Juni 1905 als Schriftf\u00fchrer an.<\/p>\n\n\n\n<p>Es dauerte bis zum Jahre 1986 bis wieder ein Eichhorner Kamerad in eine \u00fcber\u00f6rtliche Funktion gew\u00e4hlt wurde. Der damalige Kommandant Rainer Andre wurde zun\u00e4chst zum Unterabschnittsfeuerwehrkommandanten und kurze Zeit sp\u00e4ter zum Abschnittsfeuerwehrkommandanten gew\u00e4hlt. Aufgrund einer Gesetzes\u00e4nderung war er von 2001 bis 2006 nur mehr Abschnittsfeuerwehrkommandant. Er stand somit 20 Jahre an der Spitze des Abschnittes Zistersdorf.<\/p>\n\n\n\n<p>Von der Gr\u00fcndung bis 1942 gab es eine Handspritze. Im Jahr 1942 wurde eine Tragkraftspritze der Marke DKW und ein Tragkraftspritzenanh\u00e4nger 750 gekauft. Heute verf\u00fcgt die FF Eichhorn \u00fcber ein modernes, voll ausger\u00fcstetes HLF1-W mit einem 600 l \u2013 Tank, ein Mannschaftstransportfahrzeug und einen Tragkraftspritzenanh\u00e4nger, der die volle Ausr\u00fcstung eines Kleinl\u00f6schfahrzeuges beinhaltet. J\u00e4hrlich r\u00fccken die Eichhorner Feuerwehrm\u00e4nner ca. 20 \u2013 mal zu Eins\u00e4tzen und Hilfeleistungen aus.<\/p>\n","protected":false},"excerpt":{"rendered":"<p>Am 15. Dezember 1895 fassten B\u00fcrgermeister Johann Streihammer, Oberlehrer Eduard Berger und der Wirtschaftsbesitzer Sebastian Pfarr den Entschluss, in Eichhorn eine Feuerwehr zu gr\u00fcnden. Am 10. Mai 1896 fand die 1. au\u00dferordentliche Hauptversammlung der 24 Mitglieder statt. Aus diesem Grund wurde als Gr\u00fcndungsjahr immer 1896 angegeben, obwohl es nicht ganz stimmt. Die Feuerwehr Eichhorn geh\u00f6rte [&hellip;]<\/p>\n","protected":false},"author":2,"featured_media":0,"parent":0,"menu_order":0,"comment_status":"closed","ping_status":"closed","template":"","meta":{"footnotes":""},"class_list":["post-1750","page","type-page","status-publish","hentry"],"_links":{"self":[{"href":"https:\/\/ff-eichhorn.at\/index.php\/wp-json\/wp\/v2\/pages\/1750","targetHints":{"allow":["GET"]}}],"collection":[{"href":"https:\/\/ff-eichhorn.at\/index.php\/wp-json\/wp\/v2\/pages"}],"about":[{"href":"https:\/\/ff-eichhorn.at\/index.php\/wp-json\/wp\/v2\/types\/page"}],"author":[{"embeddable":true,"href":"https:\/\/ff-eichhorn.at\/index.php\/wp-json\/wp\/v2\/users\/2"}],"replies":[{"embeddable":true,"href":"https:\/\/ff-eichhorn.at\/index.php\/wp-json\/wp\/v2\/comments?post=1750"}],"version-history":[{"count":2,"href":"https:\/\/ff-eichhorn.at\/index.php\/wp-json\/wp\/v2\/pages\/1750\/revisions"}],"predecessor-version":[{"id":1873,"href":"https:\/\/ff-eichhorn.at\/index.php\/wp-json\/wp\/v2\/pages\/1750\/revisions\/1873"}],"wp:attachment":[{"href":"https:\/\/ff-eichhorn.at\/index.php\/wp-json\/wp\/v2\/media?parent=1750"}],"curies":[{"name":"wp","href":"https:\/\/api.w.org\/{rel}","templated":true}]}}