{"id":1797,"date":"2026-03-23T14:14:57","date_gmt":"2026-03-23T13:14:57","guid":{"rendered":"https:\/\/ff-eichhorn.at\/?page_id=1797"},"modified":"2026-03-25T08:53:29","modified_gmt":"2026-03-25T07:53:29","slug":"bewerbschronik","status":"publish","type":"page","link":"https:\/\/ff-eichhorn.at\/index.php\/bewerbschronik\/","title":{"rendered":"Bewerbschronik"},"content":{"rendered":"\n<p>Bekannt wurde die FF Eichhorn durch die Erfolge bei dem Leistungsbewerben im In- und Ausland. Erstmals wurde im Jahr 1959 ein zaghafter Wettkampf gemacht, der vorerst nicht allzu erfolgsversprechend war. Erst als im Jahr 1962 f\u00fcnf junge Kameraden der Feuerwehr beitraten, wurde mit der intensiven Wettkampft\u00e4tigkeit begonnen. <\/p>\n\n\n\n<p>Auf Anhieb gelang dieser Gruppe beim Bezirkswettkampf in Zistersdorf der 1. Platz. Nach zahlreichen Erfolgen im Bezirk G\u00e4nserndorf und dem Erwerb des bronzenen und silbernen Leistungsabzeichen in den Jahren 1963 und 1964, fuhr die FF Eichhorn ab 1968 st\u00e4ndig zu den Landesleistungsbewerben, wo 1970 mit dem 3. Rang in Silber erstmals ein Wanderpreis errungen wurde. Bereits ein Jahr sp\u00e4ter begann die gro\u00dfe Erfolgsserie mit einem Doppelsieg (Bronze und Silber) in Haag. <\/p>\n\n\n\n<p>Insgesamt wurden bis zum heutigen Tag 1032 st\u00e4ndige Preise errungen. Unter diesen Preisen befinden sich ein 4. und ein 5. Rang beim Bewerb um das FLA in Gold sowie sechs 1., zwei 2., ein 3. und zwei 4. R\u00e4nge bei den Bundesleistungsbewerben, und was die Vielseitigkeit der Eichhorner beweist, 12 Preise bei Wasserleistungsbewerben. Neben diesen &#8222;st\u00e4ndigen Preisen&#8220; wurden noch 94 Wanderpreise bei Landesleistungsbewerben, davon 43 mal Rang 1, 4 mal Rang 1 beim Fire Cup und 40 Wanderpreise bei Abschnittleistungsbewerben errungen. <\/p>\n\n\n\n<p>Bei den Leistungsbewerben sicherlich ein einmaliger Rekord, der noch sehr lange halten wird. Seit dem Jahre 1970 gab es auch keine Siegerehrung bei Landesleistungsbewerben, bei der nicht zumindest ein &#8222;Eichhorner&#8220; unter den Siegergruppenkommandanten war.<\/p>\n\n\n\n<p>H\u00f6hepunkt der Wettkampft\u00e4tigkeit war die Teilnahme von 10 Eichhorner Gruppen an Internationalen Wettk\u00e4mpfen, wobei neun Gold- und mit Bestzeit, aber leider Fehlerpunkte, eine Silbermedaille errungen wurden.<\/p>\n\n\n\n<h2 class=\"wp-block-heading\">Teilnahme an Internationalen Wettk\u00e4mpfen der FF Eichhorn<\/h2>\n\n\n\n<figure class=\"wp-block-table is-style-stripes\"><table class=\"has-fixed-layout\"><tbody><tr><td>Jahr<\/td><td>Ort<\/td><\/tr><tr><td>1973<\/td><td>Br\u00fcnn<\/td><\/tr><tr><td>1977<\/td><td>Trient<\/td><\/tr><tr><td>1981<\/td><td>B\u00f6blingen<\/td><\/tr><tr><td>1989<\/td><td>Warschau<\/td><\/tr><tr><td>1993<\/td><td>Berlin<\/td><\/tr><tr><td>1997<\/td><td>Herning<\/td><\/tr><tr><td>2005<\/td><td>Varazdin<\/td><\/tr><tr><td>2009<\/td><td>Ostrava<\/td><\/tr><\/tbody><\/table><\/figure>\n\n\n\n<p>Dabei kamen in Warschau und Varazdin beide N\u00d6-Gruppen aus Eichhorn. Auch die 10-malige Teilnahme an den Internationalen Feuerwehrwettbewerben ist einmalig. N\u00d6 stellte bisher 28 Gruppen.<\/p>\n\n\n\n<h2 class=\"wp-block-heading\">Teilnahme an Internationalen Wettk\u00e4mpfen folgender Kameraden<\/h2>\n\n\n\n<figure class=\"wp-block-table is-style-stripes\"><table class=\"has-fixed-layout\"><tbody><tr><td>EBR Andre Rainer<\/td><td>Br\u00fcnn, Trient, Warschau<\/td><\/tr><tr><td>Als Bewerter<\/td><td>V\u00f6cklabruck, B\u00f6blingen<\/td><\/tr><tr><td>Als Hauptbewerter<\/td><td>Berlin, Herning, Kopio<\/td><\/tr><tr><td>EBI Andre Walter<\/td><td>Br\u00fcnn, Trient, B\u00f6blingen, Warschau, Berlin, Varazdin<\/td><\/tr><tr><td>EHLM Hochmeister Franz<\/td><td>Br\u00fcnn, Trient, B\u00f6blingen, Warschau, Berlin<\/td><\/tr><tr><td>EOBM Pfarr Karl<\/td><td>Br\u00fcnn, Trient, B\u00f6blingen, Warschau, Berlin<\/td><\/tr><tr><td>HLM Pfarr Josef (\u00dcS)<\/td><td>Br\u00fcnn, Trient, B\u00f6blingen<\/td><\/tr><tr><td>EHLM Strasser Franz<\/td><td>Br\u00fcnn, B\u00f6blingen, Warschau, Berlin, Varazdin<\/td><\/tr><tr><td>EV Pribitzer Adolf<\/td><td>Br\u00fcnn, Trient, Warschau, Berlin, Varazdin<\/td><\/tr><tr><td>HFM Ertl Franz (V)<\/td><td>Br\u00fcnn<\/td><\/tr><tr><td>HFM Pausch Karl (V)<\/td><td>Br\u00fcnn<\/td><\/tr><tr><td>HFM Koller Friedrich (V)<\/td><td>Br\u00fcnn<\/td><\/tr><tr><td>EV Widhalm Alois<\/td><td>Trient, B\u00f6blingen, Warschau, Berlin, Herning, Varazdin,  Ostrava<\/td><\/tr><tr><td>EHLM Pausch Gerhard<\/td><td>Trient, B\u00f6blingen, Warschau, (V)Varazdin<\/td><\/tr><tr><td>HFM Bachmayer Wilhelm (V)<\/td><td>Trient, B\u00f6blingen<\/td><\/tr><tr><td>HLM Hartmann Robert (V)<\/td><td>Trient, Warschau<\/td><\/tr><tr><td>LM Ertl Franz<\/td><td>B\u00f6blingen, Warschau, Herning, Varazdin, Ostrava<\/td><\/tr><tr><td>HLM Sieghart Ludwig (\u00dcN)<\/td><td>B\u00f6blingen<\/td><\/tr><tr><td>HLM Hochmeister Karl<\/td><td>Warschau, Berlin, Varazdin<\/td><\/tr><tr><td>LM Nejedly Walter<\/td><td>Warschau, Herning, Varazdin<\/td><\/tr><tr><td>HFM Schwarzmann Walter<\/td><td>Warschau, Berlin, Varazdin<\/td><\/tr><tr><td>HBM Nejedly Helmut<\/td><td>Warschau, Herning, Varazdin, Ostrava<\/td><\/tr><tr><td>EHBM Strasser Norbert<\/td><td>Warschau, Berlin<\/td><\/tr><tr><td>HFM Bachmayer Johann (V)<\/td><td>Warschau, Berlin<\/td><\/tr><tr><td>EBI Ertl Christian<\/td><td>Warschau, Varazdin, Ostrava<\/td><\/tr><tr><td>OBM Andre Roland<\/td><td>Herning, Varazdin, Ostrava<\/td><\/tr><tr><td>HLM Strasser Helmut<\/td><td>Herning, Varazdin, Ostrava<\/td><\/tr><tr><td>BI ANdre Erwin<\/td><td>Herning, Varazdin, Ostrava<\/td><\/tr><tr><td>OBI Strasser Roman<\/td><td>Herning, Varazdin, Ostrava<\/td><\/tr><tr><td>HFM Hajek Thomas (A)<\/td><td>Herning, Varazdin<\/td><\/tr><tr><td>HFM Bayer Reinhard<\/td><td>Herning, Varazdin<\/td><\/tr><tr><td>LM Pribitzer Norbert<\/td><td>Warschau, Varazdin<\/td><\/tr><tr><td>HFM Andre Ludwig<\/td><td>Warschau<\/td><\/tr><tr><td>HFM Helmut Schwarzmann (A)<\/td><td>Warschau<\/td><\/tr><tr><td>VM Hickl G\u00fcnter<\/td><td>Varazdin<\/td><\/tr><tr><td>HLM Pfarr Hermann<\/td><td>Varazdin<\/td><\/tr><tr><td>HLM Schwarzmann Herbert<\/td><td>Varazdin, Ostrava<\/td><\/tr><tr><td>HFM Pribitzer Johann<\/td><td>Varazdin<\/td><\/tr><tr><td>V Asperger G\u00fcnther<\/td><td>Ostrava<\/td><\/tr><\/tbody><\/table><\/figure>\n\n\n\n<h5 class=\"wp-block-heading\">(\u00dcS) = \u00dcberstellung zur FF Sierndorf\/March,<br>(\u00dcN) = \u00dcberstellung zur FF Niederabsdorf<br>(A) = ausgetreten<br>(V) = verstorben<\/h5>\n\n\n\n<p><\/p>\n","protected":false},"excerpt":{"rendered":"<p>Bekannt wurde die FF Eichhorn durch die Erfolge bei dem Leistungsbewerben im In- und Ausland. Erstmals wurde im Jahr 1959 ein zaghafter Wettkampf gemacht, der vorerst nicht allzu erfolgsversprechend war. Erst als im Jahr 1962 f\u00fcnf junge Kameraden der Feuerwehr beitraten, wurde mit der intensiven Wettkampft\u00e4tigkeit begonnen. Auf Anhieb gelang dieser Gruppe beim Bezirkswettkampf in [&hellip;]<\/p>\n","protected":false},"author":2,"featured_media":0,"parent":0,"menu_order":0,"comment_status":"closed","ping_status":"closed","template":"","meta":{"footnotes":""},"class_list":["post-1797","page","type-page","status-publish","hentry"],"_links":{"self":[{"href":"https:\/\/ff-eichhorn.at\/index.php\/wp-json\/wp\/v2\/pages\/1797","targetHints":{"allow":["GET"]}}],"collection":[{"href":"https:\/\/ff-eichhorn.at\/index.php\/wp-json\/wp\/v2\/pages"}],"about":[{"href":"https:\/\/ff-eichhorn.at\/index.php\/wp-json\/wp\/v2\/types\/page"}],"author":[{"embeddable":true,"href":"https:\/\/ff-eichhorn.at\/index.php\/wp-json\/wp\/v2\/users\/2"}],"replies":[{"embeddable":true,"href":"https:\/\/ff-eichhorn.at\/index.php\/wp-json\/wp\/v2\/comments?post=1797"}],"version-history":[{"count":2,"href":"https:\/\/ff-eichhorn.at\/index.php\/wp-json\/wp\/v2\/pages\/1797\/revisions"}],"predecessor-version":[{"id":1829,"href":"https:\/\/ff-eichhorn.at\/index.php\/wp-json\/wp\/v2\/pages\/1797\/revisions\/1829"}],"wp:attachment":[{"href":"https:\/\/ff-eichhorn.at\/index.php\/wp-json\/wp\/v2\/media?parent=1797"}],"curies":[{"name":"wp","href":"https:\/\/api.w.org\/{rel}","templated":true}]}}